{"id":4370,"date":"2021-10-25T09:08:39","date_gmt":"2021-10-25T09:08:39","guid":{"rendered":"https:\/\/corsen.qodeinteractive.com\/?post_type=product&#038;p=4370"},"modified":"2026-04-10T10:47:46","modified_gmt":"2026-04-10T10:47:46","slug":"tuba-croco","status":"publish","type":"product","link":"https:\/\/www.trberlin.com\/en\/tuba-capsule\/tuba-croco\/","title":{"rendered":"Czarna sk\u00f3rzana torebka crossbody TUBA Croco \u2013 t\u0142oczenie krokodyla"},"content":{"rendered":"<div data-elementor-type=\"wp-post\" data-elementor-id=\"4370\" class=\"elementor elementor-4370\">\n\t\t\t\t\t\t<section class=\"elementor-section elementor-top-section elementor-element elementor-element-27198c8 elementor-section-full_width elementor-section-height-default elementor-section-height-default\" data-id=\"27198c8\" data-element_type=\"section\" data-e-type=\"section\">\n\t\t\t\t\t\t<div class=\"elementor-container elementor-column-gap-default\">\n\t\t\t\t\t<div class=\"elementor-column elementor-col-100 elementor-top-column elementor-element elementor-element-57d4ec63\" data-id=\"57d4ec63\" data-element_type=\"column\" data-e-type=\"column\">\n\t\t\t<div class=\"elementor-widget-wrap elementor-element-populated\">\n\t\t\t\t\t\t\t<\/div>\n\t\t<\/div>\n\t\t\t\t\t<\/div>\n\t\t<\/section>\n\t\t\t\t<\/div>","protected":false},"excerpt":{"rendered":"<p data-start=\"86\" data-end=\"102\"><strong data-start=\"86\" data-end=\"100\">TUBA Croco &#8222;Iconic&#8221;.\u00a0<\/strong><\/p>\n<p data-start=\"104\" data-end=\"403\">Minimalistyczna, czarna torebka crossbody o wyrazistej, geometrycznej formie, wykonana z certyfikowanej w\u0142oskiej sk\u00f3ry naturalnej z t\u0142oczeniem croco. Wyd\u0142u\u017cona linia i mocno zdefiniowana bry\u0142a podkre\u015blaj\u0105 architektoniczny charakter modelu, a strukturalna sk\u00f3ra nadaje luksusowy, rze\u017abiarski efekt.<\/p>\n<p data-start=\"405\" data-end=\"599\">Wn\u0119trze: g\u0142\u00f3wna komora z wewn\u0119trznymi przegrodami na karty i drobiazgi. Metalowy zamek YKK w kolorze niklu. Szeroki, regulowany pasek umo\u017cliwia noszenie crossbody, na ramieniu lub jako kopert\u00f3wk\u0119.<\/p>\n<p data-start=\"601\" data-end=\"663\">Length: 37.5 cm<br data-start=\"617\" data-end=\"620\" \/>Wysoko\u015b\u0107: 16 cm<br data-start=\"635\" data-end=\"638\" \/>Belt width: 6.5 cm<\/p>\n<p data-start=\"665\" data-end=\"754\">R\u0119cznie wykonana w Polsce. Limitowana edycja. Produkcja na zam\u00f3wienie, oko\u0142o 4 tygodni.<\/p>","protected":false},"featured_media":6691,"template":"","meta":[],"product_brand":[],"product_cat":[70],"product_tag":[72],"class_list":{"0":"post-4370","1":"product","2":"type-product","3":"status-publish","4":"has-post-thumbnail","6":"product_cat-tuba-capsule","7":"product_tag-capsule","9":"first","10":"outofstock","11":"taxable","12":"shipping-taxable","13":"purchasable","14":"product-type-simple"},"_links":{"self":[{"href":"https:\/\/www.trberlin.com\/en\/wp-json\/wp\/v2\/product\/4370","targetHints":{"allow":["GET"]}}],"collection":[{"href":"https:\/\/www.trberlin.com\/en\/wp-json\/wp\/v2\/product"}],"about":[{"href":"https:\/\/www.trberlin.com\/en\/wp-json\/wp\/v2\/types\/product"}],"version-history":[{"count":13,"href":"https:\/\/www.trberlin.com\/en\/wp-json\/wp\/v2\/product\/4370\/revisions"}],"predecessor-version":[{"id":8752,"href":"https:\/\/www.trberlin.com\/en\/wp-json\/wp\/v2\/product\/4370\/revisions\/8752"}],"wp:featuredmedia":[{"embeddable":true,"href":"https:\/\/www.trberlin.com\/en\/wp-json\/wp\/v2\/media\/6691"}],"wp:attachment":[{"href":"https:\/\/www.trberlin.com\/en\/wp-json\/wp\/v2\/media?parent=4370"}],"wp:term":[{"taxonomy":"product_brand","embeddable":true,"href":"https:\/\/www.trberlin.com\/en\/wp-json\/wp\/v2\/product_brand?post=4370"},{"taxonomy":"product_cat","embeddable":true,"href":"https:\/\/www.trberlin.com\/en\/wp-json\/wp\/v2\/product_cat?post=4370"},{"taxonomy":"product_tag","embeddable":true,"href":"https:\/\/www.trberlin.com\/en\/wp-json\/wp\/v2\/product_tag?post=4370"}],"curies":[{"name":"wp","href":"https:\/\/api.w.org\/{rel}","templated":true}]}}