{"id":6509,"date":"2024-04-16T17:53:02","date_gmt":"2024-04-16T17:53:02","guid":{"rendered":"https:\/\/www.trberlin.com\/?post_type=product&#038;p=6509"},"modified":"2026-03-30T19:11:48","modified_gmt":"2026-03-30T19:11:48","slug":"blacklac","status":"publish","type":"product","link":"https:\/\/www.trberlin.com\/en\/tuba-studio\/blacklac\/","title":{"rendered":"TUBA Black Lak \u2013 lakierowana sk\u00f3rzana torebka crossbody"},"content":{"rendered":"<p data-start=\"99\" data-end=\"128\"><strong data-start=\"99\" data-end=\"126\">TUBA \u2013 Black LAK<\/strong><\/p>\n<p data-start=\"130\" data-end=\"411\">Minimalistyczna, czarna torebka crossbody w kszta\u0142cie tuby, wykonana z certyfikowanej w\u0142oskiej sk\u00f3ry lakierowanej typu crash. Charakterystyczne marszczenie sk\u00f3ry nadaje modelowi rze\u017abiarski, wyrazisty charakter, \u0142\u0105cz\u0105c geometryczn\u0105 form\u0119 z nowoczesnym, minimalistycznym designem.<\/p>\n<p data-start=\"413\" data-end=\"588\">Wn\u0119trze: g\u0142\u00f3wna komora z wewn\u0119trzn\u0105, sk\u00f3rzan\u0105 kieszeni\u0105 na karty i drobiazgi. Metalowy zamek. Regulowany pasek umo\u017cliwia noszenie crossbody, na ramieniu lub jako kopert\u00f3wk\u0119.<\/p>\n<p data-start=\"590\" data-end=\"653\">Length: 37.5 cm<br data-start=\"606\" data-end=\"609\" \/>Depth: 16 cm<br data-start=\"625\" data-end=\"628\" \/>Belt width: 6.5 cm<\/p>\n<p data-start=\"655\" data-end=\"744\">R\u0119cznie wykonana w Polsce. Limitowana edycja. Produkcja na zam\u00f3wienie, oko\u0142o 4 tygodni.<\/p>","protected":false},"excerpt":{"rendered":"<p><strong data-start=\"802\" data-end=\"829\">TUBA \u2013 Black LAK<\/strong>\u00a0\u2013 minimalistyczna, r\u0119cznie wykonana w Polsce torebka crossbody z w\u0142oskiej sk\u00f3ry lakierowanej typu crash, z regulowanym paskiem i wewn\u0119trzn\u0105 kieszeni\u0105 na karty i drobiazgi.<\/p>\n<p>&nbsp;<\/p>\n<p>Length: 37.5 cm<br data-start=\"606\" data-end=\"609\" \/>Depth: 16 cm<br data-start=\"625\" data-end=\"628\" \/>Belt width: 6.5 cm<\/p>","protected":false},"featured_media":6821,"template":"","meta":[],"product_brand":[],"product_cat":[71],"product_tag":[],"class_list":{"0":"post-6509","1":"product","2":"type-product","3":"status-publish","4":"has-post-thumbnail","6":"product_cat-tuba-studio","8":"first","9":"instock","10":"taxable","11":"shipping-taxable","12":"purchasable","13":"product-type-simple"},"_links":{"self":[{"href":"https:\/\/www.trberlin.com\/en\/wp-json\/wp\/v2\/product\/6509","targetHints":{"allow":["GET"]}}],"collection":[{"href":"https:\/\/www.trberlin.com\/en\/wp-json\/wp\/v2\/product"}],"about":[{"href":"https:\/\/www.trberlin.com\/en\/wp-json\/wp\/v2\/types\/product"}],"version-history":[{"count":8,"href":"https:\/\/www.trberlin.com\/en\/wp-json\/wp\/v2\/product\/6509\/revisions"}],"predecessor-version":[{"id":8749,"href":"https:\/\/www.trberlin.com\/en\/wp-json\/wp\/v2\/product\/6509\/revisions\/8749"}],"wp:featuredmedia":[{"embeddable":true,"href":"https:\/\/www.trberlin.com\/en\/wp-json\/wp\/v2\/media\/6821"}],"wp:attachment":[{"href":"https:\/\/www.trberlin.com\/en\/wp-json\/wp\/v2\/media?parent=6509"}],"wp:term":[{"taxonomy":"product_brand","embeddable":true,"href":"https:\/\/www.trberlin.com\/en\/wp-json\/wp\/v2\/product_brand?post=6509"},{"taxonomy":"product_cat","embeddable":true,"href":"https:\/\/www.trberlin.com\/en\/wp-json\/wp\/v2\/product_cat?post=6509"},{"taxonomy":"product_tag","embeddable":true,"href":"https:\/\/www.trberlin.com\/en\/wp-json\/wp\/v2\/product_tag?post=6509"}],"curies":[{"name":"wp","href":"https:\/\/api.w.org\/{rel}","templated":true}]}}