{"id":6512,"date":"2024-04-16T18:06:26","date_gmt":"2024-04-16T18:06:26","guid":{"rendered":"https:\/\/www.trberlin.com\/?post_type=product&#038;p=6512"},"modified":"2026-03-30T19:16:49","modified_gmt":"2026-03-30T19:16:49","slug":"blackink","status":"publish","type":"product","link":"https:\/\/www.trberlin.com\/en\/tuba-capsule\/blackink\/","title":{"rendered":"TUBA \u2013 Black Ink sk\u00f3rzana torebka crossbody"},"content":{"rendered":"<p data-start=\"104\" data-end=\"126\"><strong data-start=\"104\" data-end=\"124\">TUBA \u2013 Black Ink<\/strong><\/p>\n<p data-start=\"128\" data-end=\"368\">Minimalistyczna, czarna torebka crossbody w kszta\u0142cie tuby, wykonana z aksamitnej, certyfikowanej w\u0142oskiej sk\u00f3ry licowej. Geometryczna linia, subtelna mi\u0119kko\u015b\u0107 sk\u00f3ry i rze\u017abiarska bry\u0142a podkre\u015blaj\u0105 elegancj\u0119 i ponadczasowy charakter modelu.<\/p>\n<p data-start=\"370\" data-end=\"563\">Wn\u0119trze: g\u0142\u00f3wna komora z wewn\u0119trznymi, sk\u00f3rzanymi kieszeniami na karty i drobiazgi. Metalowy zamek. Regulowany pasek umo\u017cliwia noszenie crossbody, na ramieniu lub w d\u0142oni. Dyskretnie osadzone logo.<\/p>\n<p data-start=\"565\" data-end=\"628\">Length: 37.5 cm<br data-start=\"581\" data-end=\"584\" \/>Depth: 16 cm<br data-start=\"600\" data-end=\"603\" \/>Belt width: 6.5 cm<\/p>\n<p data-start=\"630\" data-end=\"719\">R\u0119cznie wykonana w Polsce. Limitowana edycja. Produkcja na zam\u00f3wienie, oko\u0142o 4 tygodni.<\/p>","protected":false},"excerpt":{"rendered":"<p><strong data-start=\"777\" data-end=\"797\">TUBA \u2013 Black Ink<\/strong> \u2013 minimalistyczna, r\u0119cznie wykonana w Polsce torebka crossbody z aksamitnej w\u0142oskiej sk\u00f3ry licowej z regulowanym paskiem i przegrodami na karty i drobiazgi.<\/p>\n<p>Length: 37.5 cm<br data-start=\"581\" data-end=\"584\" \/>Depth: 16 cm<br data-start=\"600\" data-end=\"603\" \/>Belt width: 6.5 cm<\/p>","protected":false},"featured_media":6684,"template":"","meta":[],"product_brand":[],"product_cat":[70],"product_tag":[],"class_list":{"0":"post-6512","1":"product","2":"type-product","3":"status-publish","4":"has-post-thumbnail","6":"product_cat-tuba-capsule","8":"first","9":"instock","10":"taxable","11":"shipping-taxable","12":"purchasable","13":"product-type-simple"},"_links":{"self":[{"href":"https:\/\/www.trberlin.com\/en\/wp-json\/wp\/v2\/product\/6512","targetHints":{"allow":["GET"]}}],"collection":[{"href":"https:\/\/www.trberlin.com\/en\/wp-json\/wp\/v2\/product"}],"about":[{"href":"https:\/\/www.trberlin.com\/en\/wp-json\/wp\/v2\/types\/product"}],"version-history":[{"count":7,"href":"https:\/\/www.trberlin.com\/en\/wp-json\/wp\/v2\/product\/6512\/revisions"}],"predecessor-version":[{"id":8748,"href":"https:\/\/www.trberlin.com\/en\/wp-json\/wp\/v2\/product\/6512\/revisions\/8748"}],"wp:featuredmedia":[{"embeddable":true,"href":"https:\/\/www.trberlin.com\/en\/wp-json\/wp\/v2\/media\/6684"}],"wp:attachment":[{"href":"https:\/\/www.trberlin.com\/en\/wp-json\/wp\/v2\/media?parent=6512"}],"wp:term":[{"taxonomy":"product_brand","embeddable":true,"href":"https:\/\/www.trberlin.com\/en\/wp-json\/wp\/v2\/product_brand?post=6512"},{"taxonomy":"product_cat","embeddable":true,"href":"https:\/\/www.trberlin.com\/en\/wp-json\/wp\/v2\/product_cat?post=6512"},{"taxonomy":"product_tag","embeddable":true,"href":"https:\/\/www.trberlin.com\/en\/wp-json\/wp\/v2\/product_tag?post=6512"}],"curies":[{"name":"wp","href":"https:\/\/api.w.org\/{rel}","templated":true}]}}