{"id":7363,"date":"2025-02-02T15:37:48","date_gmt":"2025-02-02T15:37:48","guid":{"rendered":"https:\/\/www.trberlin.com\/?post_type=product&#038;p=7363"},"modified":"2026-03-30T18:57:14","modified_gmt":"2026-03-30T18:57:14","slug":"lova-black","status":"publish","type":"product","link":"https:\/\/www.trberlin.com\/en\/lova\/lova-black\/","title":{"rendered":"LOVA BAG Medium \u2013 czarna sk\u00f3rzana torebka na rami\u0119"},"content":{"rendered":"<div data-elementor-type=\"wp-post\" data-elementor-id=\"7363\" class=\"elementor elementor-7363\">\n\t\t\t\t<div class=\"elementor-element elementor-element-778f78bf e-flex e-con-boxed e-con e-parent\" data-id=\"778f78bf\" data-element_type=\"container\" data-e-type=\"container\">\n\t\t\t\t\t<div class=\"e-con-inner\">\n\t\t\t\t<div class=\"elementor-element elementor-element-1a285ed elementor-widget elementor-widget-video\" data-id=\"1a285ed\" data-element_type=\"widget\" data-e-type=\"widget\" data-settings=\"{&quot;video_type&quot;:&quot;hosted&quot;,&quot;autoplay&quot;:&quot;yes&quot;,&quot;loop&quot;:&quot;yes&quot;,&quot;controls&quot;:&quot;yes&quot;}\" data-widget_type=\"video.default\">\n\t\t\t\t<div class=\"elementor-widget-container\">\n\t\t\t\t\t\t\t<div class=\"e-hosted-video elementor-wrapper elementor-open-inline\">\n\t\t\t\t\t<video class=\"elementor-video\" src=\"https:\/\/www.trberlin.com\/wp-content\/uploads\/2025\/02\/0709-_1_-1.mp4\" autoplay=\"\" loop=\"\" controls=\"\" controlslist=\"nodownload\"><\/video>\n\t\t\t\t<\/div>\n\t\t\t\t\t\t<\/div>\n\t\t\t\t<\/div>\n\t\t\t\t<div class=\"elementor-element elementor-element-6e1d591f elementor-widget elementor-widget-text-editor\" data-id=\"6e1d591f\" data-element_type=\"widget\" data-e-type=\"widget\" data-widget_type=\"text-editor.default\">\n\t\t\t\t<div class=\"elementor-widget-container\">\n\t\t\t\t\t\t\t\t\t<h3><strong>LOVA \u2013 Trzeci rozdzia\u0142 w historii The ROOM BERLIN<\/strong><\/h3>\nPo <strong>Tubie<\/strong> i <strong>Quadra<\/strong>\u00a0nadszed\u0142 czas na <strong>LOV\u0118<\/strong>\u00a0\u2013 trzeci projekt marki <strong>The ROOM BERLIN<\/strong>, kt\u00f3ry kontynuuje filozofi\u0119 minimalistycznego designu i rzemie\u015blniczej precyzji. To nowa interpretacja klasycznej formy i wi\u0119ksza siostra Waszej ukochanej Tuby, w kt\u00f3rej mi\u0119kka, organiczna struktura spotyka si\u0119 z architektoniczn\u0105 prostot\u0105.\n\n&nbsp;\n\nWykonana z najwy\u017cszej jako\u015bci certyfikowanej\u00a0<strong>w\u0142oskiej sk\u00f3ry naturalnej<\/strong>\u00a0(licowej), w odcieniu intensywnej czerni,\u00a0<strong>LOVA<\/strong>\u00a0<strong>BAG<\/strong> wyr\u00f3\u017cnia si\u0119 <strong>charakterystycznym marszczeniem\u00a0<\/strong>po bokach, nadaj\u0105cym jej unikatowy, rze\u017abiarski kszta\u0142t. To torebka, kt\u00f3ra dopasowuje si\u0119 do Ciebie \u2013 mo\u017cesz nosi\u0107 j\u0105 <strong>na ramieniu, w d\u0142oni lub jako crossbody<\/strong>.\n\n<strong>Dyskretne logo, subtelne detale i funkcjonalna forma <\/strong>sprawiaj\u0105, \u017ce <strong>LOVA<\/strong>\u00a0to ponadczasowy element garderoby, kt\u00f3ry \u0142\u0105czy nowoczesno\u015b\u0107 z klasycznym wyrafinowaniem.\n<h3><strong>Co wyr\u00f3\u017cnia torebk\u0119 LOVA?<\/strong><\/h3>\n<strong>Charakterystyczne marszczenie po bokach<\/strong> nadaj\u0105ce unikalny kszta\u0142t\n<strong>Luksusowa w\u0142oska sk\u00f3ra naturalna<\/strong> \u2013 trwa\u0142o\u015b\u0107 i elegancja\n<strong>Intensywny odcie\u0144 czerni<\/strong>\u00a0\u2013 ponadczasowy kolor\n<strong>Zamek b\u0142yskawiczny<\/strong> zapewniaj\u0105cy bezpiecze\u0144stwo\n<strong>Regulowany pasek<\/strong> dla wi\u0119kszej funkcjonalno\u015bci\n<strong>Wewn\u0119trzna, sk\u00f3rzana kiesze\u0144<\/strong> na karty i drobiazgi\n<strong>Dyskretnie wyt\u0142oczone logo<\/strong> The ROOM BERLIN\n\n&nbsp;\n\n<strong>Wymiary:\u00a0<\/strong>\n\nD\u0142ugo\u015b\u0107: 40 cm\n\nG\u0142\u0119boko\u015b\u0107: 24 cm\n\nSzeroko\u015b\u0107 Paska: 4,5 cm\n\n&nbsp;\n\n<strong>Zam\u00f3wienie:\u00a0<\/strong>\n\nTworzymy na <strong>ma\u0142\u0105 skal\u0119<\/strong>, \u015bwiadomie funkcjonuj\u0105c w <strong>niszy dalekiej od masowej produkcji<\/strong>. <strong>The ROOM BERLIN<\/strong> to nie tylko estetyka \u2013 to <strong>\u015bwiadomy wyb\u00f3r<\/strong> rzemie\u015blniczo tworzonych przedmiot\u00f3w w duchu <strong>\u201eslow\u201d<\/strong> i wyraz t\u0119sknoty za unikalno\u015bci\u0105.\n\nKa\u017cda torebka powstaje <strong>wy\u0142\u0105cznie na zam\u00f3wienie<\/strong>, z dba\u0142o\u015bci\u0105 o detale i szacunkiem dla rzemios\u0142a. <strong>Termin realizacji wynosi oko\u0142o 4 tygodnie<\/strong> \u2013 wierzymy, \u017ce prawdziwa jako\u015b\u0107 wymaga czasu.\t\t\t\t\t\t\t\t<\/div>\n\t\t\t\t<\/div>\n\t\t\t\t\t<\/div>\n\t\t\t\t<\/div>\n\t\t\t\t<\/div>","protected":false},"excerpt":{"rendered":"<p data-start=\"100\" data-end=\"130\"><strong data-start=\"100\" data-end=\"128\">LOVA BAG \u2013 czarna<\/strong><\/p>\n<p data-start=\"132\" data-end=\"424\">Czarna torebka do r\u0119ki lub na rami\u0119, wykonana z certyfikowanej w\u0142oskiej sk\u00f3ry licowej. Charakterystyczne marszczenia po bokach nadaj\u0105 jej rze\u017abiarski, nowoczesny kszta\u0142t, \u0142\u0105cz\u0105c organiczn\u0105 mi\u0119kko\u015b\u0107 z minimalistyczn\u0105, architektoniczn\u0105 prostot\u0105.<\/p>\n<p data-start=\"426\" data-end=\"548\">Wn\u0119trze: g\u0142\u00f3wna komora z wewn\u0119trzn\u0105 sk\u00f3rzan\u0105 kieszeni\u0105 na karty i drobiazgi. Metalowy zamek. Dyskretne, wyt\u0142oczone logo.<\/p>\n<p data-start=\"550\" data-end=\"611\">D\u0142ugo\u015b\u0107: 40 cm<br data-start=\"564\" data-end=\"567\" \/>G\u0142\u0119boko\u015b\u0107: 24 cm<br data-start=\"583\" data-end=\"586\" \/>Szeroko\u015b\u0107 paska: 4,5 cm<\/p>\n<p data-start=\"613\" data-end=\"728\">R\u0119cznie wykonana w Polsce. Limitowana edycja. Projekt: The ROOM BERLIN. Produkcja na zam\u00f3wienie, oko\u0142o 4 tygodni.<\/p>","protected":false},"featured_media":8021,"template":"","meta":[],"product_brand":[],"product_cat":[75],"product_tag":[],"class_list":{"0":"post-7363","1":"product","2":"type-product","3":"status-publish","4":"has-post-thumbnail","6":"product_cat-lova","8":"first","9":"instock","10":"featured","11":"taxable","12":"shipping-taxable","13":"purchasable","14":"product-type-simple"},"_links":{"self":[{"href":"https:\/\/www.trberlin.com\/en\/wp-json\/wp\/v2\/product\/7363","targetHints":{"allow":["GET"]}}],"collection":[{"href":"https:\/\/www.trberlin.com\/en\/wp-json\/wp\/v2\/product"}],"about":[{"href":"https:\/\/www.trberlin.com\/en\/wp-json\/wp\/v2\/types\/product"}],"version-history":[{"count":24,"href":"https:\/\/www.trberlin.com\/en\/wp-json\/wp\/v2\/product\/7363\/revisions"}],"predecessor-version":[{"id":8744,"href":"https:\/\/www.trberlin.com\/en\/wp-json\/wp\/v2\/product\/7363\/revisions\/8744"}],"wp:featuredmedia":[{"embeddable":true,"href":"https:\/\/www.trberlin.com\/en\/wp-json\/wp\/v2\/media\/8021"}],"wp:attachment":[{"href":"https:\/\/www.trberlin.com\/en\/wp-json\/wp\/v2\/media?parent=7363"}],"wp:term":[{"taxonomy":"product_brand","embeddable":true,"href":"https:\/\/www.trberlin.com\/en\/wp-json\/wp\/v2\/product_brand?post=7363"},{"taxonomy":"product_cat","embeddable":true,"href":"https:\/\/www.trberlin.com\/en\/wp-json\/wp\/v2\/product_cat?post=7363"},{"taxonomy":"product_tag","embeddable":true,"href":"https:\/\/www.trberlin.com\/en\/wp-json\/wp\/v2\/product_tag?post=7363"}],"curies":[{"name":"wp","href":"https:\/\/api.w.org\/{rel}","templated":true}]}}