{"id":7940,"date":"2025-11-03T19:56:30","date_gmt":"2025-11-03T19:56:30","guid":{"rendered":"https:\/\/www.trberlin.com\/?post_type=product&#038;p=7940"},"modified":"2026-03-30T19:16:00","modified_gmt":"2026-03-30T19:16:00","slug":"dua-terra","status":"publish","type":"product","link":"https:\/\/www.trberlin.com\/en\/dua\/dua-terra\/","title":{"rendered":"DUA Mokka\u2013 sk\u00f3rzana torebka mokka do r\u0119ki i na rami\u0119"},"content":{"rendered":"<p data-start=\"183\" data-end=\"198\"><strong data-start=\"183\" data-end=\"196\">DUA Mokka<\/strong><\/p>\n<p data-start=\"200\" data-end=\"424\">Torebka do r\u0119ki i na rami\u0119, w kolorze mokka, wykonana z po\u0142\u0105czenia w\u0142oskiej sk\u00f3ry licowej i lakierowanej sk\u00f3ry typu crash. Pionowy szew podkre\u015bla rze\u017abiarsk\u0105 form\u0119 i naturaln\u0105 elegancj\u0119 materia\u0142u.<\/p>\n<p data-start=\"426\" data-end=\"574\">Wn\u0119trze: g\u0142\u00f3wna komora oraz praktyczny mini bag \/ kopert\u00f3wka, kt\u00f3r\u0105 mo\u017cna u\u017cywa\u0107 osobno lub jako organizer. Sk\u00f3rzane troki jako zakmni\u0119cie<\/p>\n<p data-start=\"672\" data-end=\"785\">R\u0119cznie wykonana w Polsce. Limitowana edycja. Projekt: Natalia Penar. Produkcja na zam\u00f3wienie, oko\u0142o 4 tygodni.<\/p>","protected":false},"excerpt":{"rendered":"<p data-start=\"843\" data-end=\"1039\"><strong data-start=\"843\" data-end=\"856\">DUA Mokka<\/strong>\u00a0\u2013 torebka do r\u0119ki i na rami\u0119 w kolorze mokka, minimalistyczna, r\u0119cznie wykonana w Polsce, po\u0142\u0105czenie sk\u00f3ry licowej i lakierowanej typu crash, z mini bag \/ kopert\u00f3wk\u0105.<\/p>\n<p data-start=\"843\" data-end=\"1039\">","protected":false},"featured_media":8562,"template":"","meta":[],"product_brand":[],"product_cat":[82],"product_tag":[],"class_list":{"0":"post-7940","1":"product","2":"type-product","3":"status-publish","4":"has-post-thumbnail","6":"product_cat-dua","7":"new","9":"first","10":"outofstock","11":"taxable","12":"shipping-taxable","13":"purchasable","14":"product-type-simple"},"_links":{"self":[{"href":"https:\/\/www.trberlin.com\/en\/wp-json\/wp\/v2\/product\/7940","targetHints":{"allow":["GET"]}}],"collection":[{"href":"https:\/\/www.trberlin.com\/en\/wp-json\/wp\/v2\/product"}],"about":[{"href":"https:\/\/www.trberlin.com\/en\/wp-json\/wp\/v2\/types\/product"}],"version-history":[{"count":14,"href":"https:\/\/www.trberlin.com\/en\/wp-json\/wp\/v2\/product\/7940\/revisions"}],"predecessor-version":[{"id":8737,"href":"https:\/\/www.trberlin.com\/en\/wp-json\/wp\/v2\/product\/7940\/revisions\/8737"}],"wp:featuredmedia":[{"embeddable":true,"href":"https:\/\/www.trberlin.com\/en\/wp-json\/wp\/v2\/media\/8562"}],"wp:attachment":[{"href":"https:\/\/www.trberlin.com\/en\/wp-json\/wp\/v2\/media?parent=7940"}],"wp:term":[{"taxonomy":"product_brand","embeddable":true,"href":"https:\/\/www.trberlin.com\/en\/wp-json\/wp\/v2\/product_brand?post=7940"},{"taxonomy":"product_cat","embeddable":true,"href":"https:\/\/www.trberlin.com\/en\/wp-json\/wp\/v2\/product_cat?post=7940"},{"taxonomy":"product_tag","embeddable":true,"href":"https:\/\/www.trberlin.com\/en\/wp-json\/wp\/v2\/product_tag?post=7940"}],"curies":[{"name":"wp","href":"https:\/\/api.w.org\/{rel}","templated":true}]}}