{"id":7994,"date":"2025-11-04T10:02:06","date_gmt":"2025-11-04T10:02:06","guid":{"rendered":"https:\/\/www.trberlin.com\/?post_type=product&#038;p=7994"},"modified":"2026-03-30T18:34:06","modified_gmt":"2026-03-30T18:34:06","slug":"tuba-naomi-crach","status":"publish","type":"product","link":"https:\/\/www.trberlin.com\/en\/tuba-studio\/tuba-naomi-crach\/","title":{"rendered":"TUBA Naomi CRASH Regular \u2013 mokka sk\u00f3rzana torebka crossbody"},"content":{"rendered":"<p data-start=\"243\" data-end=\"273\"><strong data-start=\"243\" data-end=\"271\">TUBA Naomi CRASH Regular Mokka<\/strong><\/p>\n<p data-start=\"275\" data-end=\"628\">Delikatnie strukturalna, torebka crossbody (g\u0142\u0119boka mokka), w kszta\u0142cie tuby, wykonana z po\u0142\u0105czenia certyfikowanej w\u0142oskiej sk\u00f3ry licowej i lakierowanej sk\u00f3ry typu crash. Pionowy szew podkre\u015bla rze\u017abiarsk\u0105 form\u0119. Wersja Regular oferuje ikoniczne proporcje, zapewniaj\u0105c wi\u0119ksz\u0105 pojemno\u015b\u0107 przy zachowaniu elegancji i komfortu codziennego noszenia.<\/p>\n<p data-start=\"630\" data-end=\"786\">Wn\u0119trze: g\u0142\u00f3wna komora z kieszonk\u0105 i przegrodami na karty oraz drobiazgi. Metalowy suwak. Regulowany pasek do noszenia crossbody, na ramieniu lub w d\u0142oni.<\/p>\n<p data-start=\"788\" data-end=\"851\">Length: 37.5 cm<br data-start=\"804\" data-end=\"807\" \/>Depth: 16 cm<br data-start=\"823\" data-end=\"826\" \/>Belt width: 6.5 cm<\/p>\n<p data-start=\"853\" data-end=\"966\">R\u0119cznie wykonana w Polsce. Limitowana edycja. Projekt: Natalia Penar. Produkcja na zam\u00f3wienie, oko\u0142o 4 tygodni.<\/p>","protected":false},"excerpt":{"rendered":"<p><strong data-start=\"1024\" data-end=\"1052\">TUBA Naomi CRASH Regular<\/strong> \u2013 (g\u0142\u0119boka mokka) torebka crossbody, minimalistyczna, r\u0119cznie wykonana w Polsce, po\u0142\u0105czenie sk\u00f3ry licowej i lakierowanej typu crash, z kieszonk\u0105 na karty i drobiazgi.<\/p>\n<p>&nbsp;<\/p>\n<p>Length: 37.5 cm<br data-start=\"804\" data-end=\"807\" \/>Depth: 16 cm<br data-start=\"823\" data-end=\"826\" \/>Belt width: 6.5 cm<\/p>","protected":false},"featured_media":8537,"template":"","meta":[],"product_brand":[],"product_cat":[71],"product_tag":[],"class_list":{"0":"post-7994","1":"product","2":"type-product","3":"status-publish","4":"has-post-thumbnail","6":"product_cat-tuba-studio","7":"new","9":"first","10":"instock","11":"taxable","12":"shipping-taxable","13":"purchasable","14":"product-type-variable"},"_links":{"self":[{"href":"https:\/\/www.trberlin.com\/en\/wp-json\/wp\/v2\/product\/7994","targetHints":{"allow":["GET"]}}],"collection":[{"href":"https:\/\/www.trberlin.com\/en\/wp-json\/wp\/v2\/product"}],"about":[{"href":"https:\/\/www.trberlin.com\/en\/wp-json\/wp\/v2\/types\/product"}],"version-history":[{"count":15,"href":"https:\/\/www.trberlin.com\/en\/wp-json\/wp\/v2\/product\/7994\/revisions"}],"predecessor-version":[{"id":8733,"href":"https:\/\/www.trberlin.com\/en\/wp-json\/wp\/v2\/product\/7994\/revisions\/8733"}],"wp:featuredmedia":[{"embeddable":true,"href":"https:\/\/www.trberlin.com\/en\/wp-json\/wp\/v2\/media\/8537"}],"wp:attachment":[{"href":"https:\/\/www.trberlin.com\/en\/wp-json\/wp\/v2\/media?parent=7994"}],"wp:term":[{"taxonomy":"product_brand","embeddable":true,"href":"https:\/\/www.trberlin.com\/en\/wp-json\/wp\/v2\/product_brand?post=7994"},{"taxonomy":"product_cat","embeddable":true,"href":"https:\/\/www.trberlin.com\/en\/wp-json\/wp\/v2\/product_cat?post=7994"},{"taxonomy":"product_tag","embeddable":true,"href":"https:\/\/www.trberlin.com\/en\/wp-json\/wp\/v2\/product_tag?post=7994"}],"curies":[{"name":"wp","href":"https:\/\/api.w.org\/{rel}","templated":true}]}}