{"id":8326,"date":"2026-01-06T10:53:57","date_gmt":"2026-01-06T10:53:57","guid":{"rendered":"https:\/\/www.trberlin.com\/?post_type=product&#038;p=8326"},"modified":"2026-03-30T18:26:02","modified_gmt":"2026-03-30T18:26:02","slug":"tuba-nera-crash-regular","status":"publish","type":"product","link":"https:\/\/www.trberlin.com\/en\/tuba-studio\/tuba-nera-crash-regular\/","title":{"rendered":"TUBA NERA Regular \u2013 czarna sk\u00f3rzana torebka crossbody"},"content":{"rendered":"<p><strong>TUBA Nera CRASH<\/strong> to czysta forma i konstrukcyjna precyzja. Jej charakter definiuje wyrazisty, pionowy szew, kt\u00f3ry przecina bry\u0142\u0119 torebki, tworz\u0105c subtelne napi\u0119cie mi\u0119dzy geometri\u0105 a mi\u0119kko\u015bci\u0105 sk\u00f3ry.<br \/>\nUszyta w kameralnej polskiej pracowni, przez wybitnego artyst\u0119-kaletnika, z dw\u00f3ch rodzaj\u00f3w certyfikowanej w\u0142oskiej sk\u00f3ry naturalnej \u2013 g\u0142adkiej, licowej <strong>w kolorze czarnym<\/strong> oraz <strong>lakierowanej typu crash<\/strong>, o naturalnych zagnieceniach i refleksach \u015bwiat\u0142a.<\/p>\n<p>Zamykana na metalowy suwak, z wewn\u0119trzn\u0105 kieszeni\u0105 na karty lub drobiazgi. Tuba posiada komfortowy i regulowany szeroki pasek, zamykany na 3 lub 4 rz\u0119dy metalowych knopik\u00f3w.<\/p>\n<p><strong>Ka\u017cda TUBA powstaje w ograniczonej liczbie egzemplarzy, w duchu slow craft \u2013 z poszanowaniem procesu, czasu i rzemios\u0142a.<br \/>\n\u015awiadomie kr\u00f3tkie edycje nadaj\u0105 jej unikalno\u015b\u0107 i zachowuj\u0105 charakter przedmiotu osobistego \u2013 stworzonego poza rytmem masowej produkcji.<\/strong><\/p>\n<p>&nbsp;<\/p>\n<p><strong>Czas realizacji:<\/strong> oko\u0142o 4 tygodni.<br \/>\n<strong>Projekt:<\/strong> Natalia Penar<\/p>\n<p>&nbsp;<\/p>\n<p><strong>Torebk\u0119 mo\u017cna nosi\u0107 na 3 sposoby:<\/strong><\/p>\n<ol>\n<li>Cross-Body (sportowo)<\/li>\n<li>Na rami\u0119 (modowo)<\/li>\n<li>Jako kopert\u00f3wk\u0119 (wiecz\u00f3r)<\/li>\n<\/ol>\n<p data-start=\"176\" data-end=\"273\"><strong data-start=\"176\" data-end=\"197\">Wymiary \u2013 Regular<\/strong><br data-start=\"197\" data-end=\"200\" \/>D\u0142ugo\u015b\u0107: <strong data-start=\"209\" data-end=\"220\">37,5 cm<\/strong><br data-start=\"220\" data-end=\"223\" \/>G\u0142\u0119boko\u015b\u0107: <strong data-start=\"234\" data-end=\"243\">16 cm<\/strong><br data-start=\"243\" data-end=\"246\" \/>Szeroko\u015b\u0107 paska: <strong data-start=\"263\" data-end=\"273\">6,5 cm<\/strong><\/p>\n<p>&nbsp;<\/p>\n<p><strong>Zobacz jak nosi\u0107 na przyk\u0142adzie: Tuba Naomi:<\/strong><\/p>\n<div style=\"width: 1080px;\" class=\"wp-video\"><video class=\"wp-video-shortcode\" id=\"video-8326-1\" width=\"1080\" height=\"1440\" loop autoplay preload=\"auto\" controls=\"controls\"><source type=\"video\/mp4\" src=\"https:\/\/www.trberlin.com\/wp-content\/uploads\/2025\/11\/1105-2.mp4?_=1\" \/><a href=\"https:\/\/www.trberlin.com\/wp-content\/uploads\/2025\/11\/1105-2.mp4\">https:\/\/www.trberlin.com\/wp-content\/uploads\/2025\/11\/1105-2.mp4<\/a><\/video><\/div>\n<p>&nbsp;<\/p>\n<p>&nbsp;<\/p>","protected":false},"excerpt":{"rendered":"<p data-start=\"126\" data-end=\"149\"><strong data-start=\"126\" data-end=\"147\">TUBA NERA Regular<\/strong><\/p>\n<p data-start=\"151\" data-end=\"416\">Torebka crossbody w kszta\u0142cie tuby, wykonana z po\u0142\u0105czenia g\u0142adkiej sk\u00f3ry licowej i lakierowanej, marszczonej sk\u00f3ry typu crush. Kolor: Czarny. Pionowy szew podkre\u015bla rze\u017abiarsk\u0105 form\u0119. Wersja Regular oferuje wi\u0119ksz\u0105 pojemno\u015b\u0107, zachowuj\u0105c proporcje modelu.<\/p>\n<p data-start=\"418\" data-end=\"720\"><strong>Wn\u0119trze:<\/strong> g\u0142\u00f3wna komora, kieszonka na karty kredytowe oraz trzy ma\u0142e przegrody na drobiazgi lub telefon. Subtelna faktura i naturalne zagniecenia nadaj\u0105 sk\u00f3rze wyrafinowane wyko\u0144czenie. Metalowy zamek japo\u0144skiej marki <span class=\"hover:entity-accent entity-underline inline cursor-pointer align-baseline\"><span class=\"whitespace-normal\">YKK<\/span><\/span>. Regulowany pasek do noszenia crossbody lub na ramieniu.<\/p>\n<p data-start=\"722\" data-end=\"762\"><strong>D\u0142ugo\u015b\u0107: <\/strong>37,5 cm<br data-start=\"403\" data-end=\"406\" \/><strong>G\u0142\u0119boko\u015b\u0107: <\/strong>16 cm<br data-start=\"424\" data-end=\"427\" \/><strong>Szeroko\u015b\u0107 paska: <\/strong>6,5 cm<\/p>\n<p data-start=\"764\" data-end=\"877\">R\u0119cznie wykonana w Polsce. Limitowana edycja. Projekt: Natalia Penar. Produkcja na zam\u00f3wienie, oko\u0142o 4 tygodni.<\/p>","protected":false},"featured_media":8558,"template":"","meta":[],"product_brand":[],"product_cat":[71],"product_tag":[],"class_list":{"0":"post-8326","1":"product","2":"type-product","3":"status-publish","4":"has-post-thumbnail","6":"product_cat-tuba-studio","7":"new","9":"first","10":"instock","11":"taxable","12":"shipping-taxable","13":"purchasable","14":"product-type-simple"},"_links":{"self":[{"href":"https:\/\/www.trberlin.com\/en\/wp-json\/wp\/v2\/product\/8326","targetHints":{"allow":["GET"]}}],"collection":[{"href":"https:\/\/www.trberlin.com\/en\/wp-json\/wp\/v2\/product"}],"about":[{"href":"https:\/\/www.trberlin.com\/en\/wp-json\/wp\/v2\/types\/product"}],"version-history":[{"count":18,"href":"https:\/\/www.trberlin.com\/en\/wp-json\/wp\/v2\/product\/8326\/revisions"}],"predecessor-version":[{"id":8731,"href":"https:\/\/www.trberlin.com\/en\/wp-json\/wp\/v2\/product\/8326\/revisions\/8731"}],"wp:featuredmedia":[{"embeddable":true,"href":"https:\/\/www.trberlin.com\/en\/wp-json\/wp\/v2\/media\/8558"}],"wp:attachment":[{"href":"https:\/\/www.trberlin.com\/en\/wp-json\/wp\/v2\/media?parent=8326"}],"wp:term":[{"taxonomy":"product_brand","embeddable":true,"href":"https:\/\/www.trberlin.com\/en\/wp-json\/wp\/v2\/product_brand?post=8326"},{"taxonomy":"product_cat","embeddable":true,"href":"https:\/\/www.trberlin.com\/en\/wp-json\/wp\/v2\/product_cat?post=8326"},{"taxonomy":"product_tag","embeddable":true,"href":"https:\/\/www.trberlin.com\/en\/wp-json\/wp\/v2\/product_tag?post=8326"}],"curies":[{"name":"wp","href":"https:\/\/api.w.org\/{rel}","templated":true}]}}