{"id":8399,"date":"2026-01-16T13:08:03","date_gmt":"2026-01-16T13:08:03","guid":{"rendered":"https:\/\/www.trberlin.com\/?post_type=product&#038;p=8399"},"modified":"2026-03-30T18:23:59","modified_gmt":"2026-03-30T18:23:59","slug":"tuba-naomi-crash-compact","status":"publish","type":"product","link":"https:\/\/www.trberlin.com\/en\/tuba-studio\/tuba-naomi-crash-compact\/","title":{"rendered":"TUBA Naomi\/Crash Compact \u2013 czarna sk\u00f3rzana torebka crossbody"},"content":{"rendered":"<p data-start=\"187\" data-end=\"217\"><strong data-start=\"187\" data-end=\"215\">TUBA Naomi\/Crash Compact<\/strong><\/p>\n<p data-start=\"219\" data-end=\"542\">Delikatnie strukturalna, czarna (g\u0142\u0119boka mokka) torebka crossbody w kszta\u0142cie tuby, wykonana z po\u0142\u0105czenia certyfikowanej w\u0142oskiej sk\u00f3ry licowej i lakierowanej, marszczonej sk\u00f3ry typu crash. Pionowy szew podkre\u015bla rze\u017abiarsk\u0105 form\u0119. Wersja Compact oferuje zwarte proporcje, zapewniaj\u0105c lekko\u015b\u0107 wizualn\u0105 i komfort noszenia.<\/p>\n<p data-start=\"544\" data-end=\"700\">Wn\u0119trze: g\u0142\u00f3wna komora z kieszonk\u0105 i przegrodami na karty oraz drobiazgi. Metalowy suwak. Regulowany pasek do noszenia crossbody, na ramieniu lub w d\u0142oni.<\/p>\n<p data-start=\"702\" data-end=\"761\">D\u0142ugo\u015b\u0107: 34 cm<br data-start=\"716\" data-end=\"719\" \/>G\u0142\u0119boko\u015b\u0107: 13 cm<br data-start=\"735\" data-end=\"738\" \/>Szeroko\u015b\u0107 paska: 6 cm<\/p>\n<p data-start=\"763\" data-end=\"876\">R\u0119cznie wykonana w Polsce. Limitowana edycja. Projekt: Natalia Penar. Projekt na zam\u00f3wienie, oko\u0142o 4 tygodni.<\/p>","protected":false},"excerpt":{"rendered":"<p data-start=\"2059\" data-end=\"2296\"><strong data-start=\"2059\" data-end=\"2105\">Torebka crossbody TUBA Naomi\/Crash Compact<\/strong> \u2013 sk\u00f3rzana, minimalistyczna torebka damska w kszta\u0142cie tuby z wyrazistym pionowym szwem. Kompaktowa forma, metalowy suwak, wewn\u0119trzna kiesze\u0144. R\u0119cznie wykonana w Polsce, limitowana edycja.<\/p>\n<p data-start=\"2059\" data-end=\"2296\">D\u0142ugo\u015b\u0107: 34 cm<br data-start=\"716\" data-end=\"719\" \/>G\u0142\u0119boko\u015b\u0107: 13 cm<br data-start=\"735\" data-end=\"738\" \/>Szeroko\u015b\u0107 paska: 6 cm<\/p>","protected":false},"featured_media":8543,"template":"","meta":[],"product_brand":[],"product_cat":[70,71],"product_tag":[],"class_list":{"0":"post-8399","1":"product","2":"type-product","3":"status-publish","4":"has-post-thumbnail","6":"product_cat-tuba-capsule","7":"product_cat-tuba-studio","9":"first","10":"instock","11":"taxable","12":"shipping-taxable","13":"purchasable","14":"product-type-simple"},"_links":{"self":[{"href":"https:\/\/www.trberlin.com\/en\/wp-json\/wp\/v2\/product\/8399","targetHints":{"allow":["GET"]}}],"collection":[{"href":"https:\/\/www.trberlin.com\/en\/wp-json\/wp\/v2\/product"}],"about":[{"href":"https:\/\/www.trberlin.com\/en\/wp-json\/wp\/v2\/types\/product"}],"version-history":[{"count":15,"href":"https:\/\/www.trberlin.com\/en\/wp-json\/wp\/v2\/product\/8399\/revisions"}],"predecessor-version":[{"id":8729,"href":"https:\/\/www.trberlin.com\/en\/wp-json\/wp\/v2\/product\/8399\/revisions\/8729"}],"wp:featuredmedia":[{"embeddable":true,"href":"https:\/\/www.trberlin.com\/en\/wp-json\/wp\/v2\/media\/8543"}],"wp:attachment":[{"href":"https:\/\/www.trberlin.com\/en\/wp-json\/wp\/v2\/media?parent=8399"}],"wp:term":[{"taxonomy":"product_brand","embeddable":true,"href":"https:\/\/www.trberlin.com\/en\/wp-json\/wp\/v2\/product_brand?post=8399"},{"taxonomy":"product_cat","embeddable":true,"href":"https:\/\/www.trberlin.com\/en\/wp-json\/wp\/v2\/product_cat?post=8399"},{"taxonomy":"product_tag","embeddable":true,"href":"https:\/\/www.trberlin.com\/en\/wp-json\/wp\/v2\/product_tag?post=8399"}],"curies":[{"name":"wp","href":"https:\/\/api.w.org\/{rel}","templated":true}]}}