{"id":8565,"date":"2026-02-28T18:07:00","date_gmt":"2026-02-28T18:07:00","guid":{"rendered":"https:\/\/www.trberlin.com\/?post_type=product&#038;p=8565"},"modified":"2026-03-30T18:06:51","modified_gmt":"2026-03-30T18:06:51","slug":"czarna-skorzana-torebka-dua-tloczenie-strusia-do-reki-i-na-ramie","status":"publish","type":"product","link":"https:\/\/www.trberlin.com\/en\/dua\/czarna-skorzana-torebka-dua-tloczenie-strusia-do-reki-i-na-ramie\/","title":{"rendered":"DUA Stru\u015b \u2013 czarna sk\u00f3rzana torebka do r\u0119ki i na rami\u0119"},"content":{"rendered":"<p data-start=\"160\" data-end=\"175\"><strong data-start=\"160\" data-end=\"173\">DUA Stru\u015b<\/strong><\/p>\n<p data-start=\"177\" data-end=\"489\">Delikatnie strukturalna torebka damska do r\u0119ki i na rami\u0119, wykonana z po\u0142\u0105czenia g\u0142adkiej sk\u00f3ry nappa i t\u0142oczonej sk\u00f3ry typu stru\u015b. Pionowy szew podkre\u015bla rze\u017abiarsk\u0105 form\u0119. Zamykana na sk\u00f3rzane troki, wewn\u0105trz g\u0142\u00f3wna kiesze\u0144 oraz praktyczna mini bag \/ kopert\u00f3wka, kt\u00f3r\u0105 mo\u017cna u\u017cywa\u0107 osobno lub jako organizer.<\/p>\n<p data-start=\"491\" data-end=\"577\">Subtelna faktura i luksusowy relief sk\u00f3ry nadaj\u0105 wyko\u0144czeniu wyrafinowany charakter.<\/p>\n<p data-start=\"675\" data-end=\"788\">R\u0119cznie wykonana w Polsce. Limitowana edycja. Projekt: Natalia Penar. Produkcja na zam\u00f3wienie, oko\u0142o 4 tygodni.<\/p>","protected":false},"excerpt":{"rendered":"<p><strong data-start=\"245\" data-end=\"282\">Czarna sk\u00f3rzana torebka DUA Stru\u015b<\/strong> \u2013 minimalistyczna, r\u0119cznie wykonana w Polsce, do r\u0119ki i na rami\u0119. Wykonana z w\u0142oskiej sk\u00f3ry licowej i t\u0142oczonej sk\u00f3ry typu stru\u015b. Zawiera praktyczn\u0105 mini bag \/ kopert\u00f3wk\u0119.<\/p>","protected":false},"featured_media":8578,"template":"","meta":[],"product_brand":[],"product_cat":[82],"product_tag":[],"class_list":{"0":"post-8565","1":"product","2":"type-product","3":"status-publish","4":"has-post-thumbnail","6":"product_cat-dua","7":"new","9":"first","10":"outofstock","11":"taxable","12":"shipping-taxable","13":"purchasable","14":"product-type-simple"},"_links":{"self":[{"href":"https:\/\/www.trberlin.com\/en\/wp-json\/wp\/v2\/product\/8565","targetHints":{"allow":["GET"]}}],"collection":[{"href":"https:\/\/www.trberlin.com\/en\/wp-json\/wp\/v2\/product"}],"about":[{"href":"https:\/\/www.trberlin.com\/en\/wp-json\/wp\/v2\/types\/product"}],"version-history":[{"count":6,"href":"https:\/\/www.trberlin.com\/en\/wp-json\/wp\/v2\/product\/8565\/revisions"}],"predecessor-version":[{"id":8723,"href":"https:\/\/www.trberlin.com\/en\/wp-json\/wp\/v2\/product\/8565\/revisions\/8723"}],"wp:featuredmedia":[{"embeddable":true,"href":"https:\/\/www.trberlin.com\/en\/wp-json\/wp\/v2\/media\/8578"}],"wp:attachment":[{"href":"https:\/\/www.trberlin.com\/en\/wp-json\/wp\/v2\/media?parent=8565"}],"wp:term":[{"taxonomy":"product_brand","embeddable":true,"href":"https:\/\/www.trberlin.com\/en\/wp-json\/wp\/v2\/product_brand?post=8565"},{"taxonomy":"product_cat","embeddable":true,"href":"https:\/\/www.trberlin.com\/en\/wp-json\/wp\/v2\/product_cat?post=8565"},{"taxonomy":"product_tag","embeddable":true,"href":"https:\/\/www.trberlin.com\/en\/wp-json\/wp\/v2\/product_tag?post=8565"}],"curies":[{"name":"wp","href":"https:\/\/api.w.org\/{rel}","templated":true}]}}